{"id":1163,"date":"2018-10-03T16:44:51","date_gmt":"2018-10-03T14:44:51","guid":{"rendered":"https:\/\/www.fdlsagesse.org\/about-the-daughters-of-wisdom\/nos-entites\/colombie\/"},"modified":"2021-03-24T10:32:14","modified_gmt":"2021-03-24T09:32:14","slug":"colombie","status":"publish","type":"page","link":"https:\/\/www.fdlsagesse.org\/en\/about-the-daughters-of-wisdom\/nos-entites\/colombie\/","title":{"rendered":"Colombia"},"content":{"rendered":"<p>Sisters Marina, Derly, Carmen, Mar\u00eda de Jes\u00fas, Gisela<\/p>\n<p>Our presence in Colombia has as its mission to reduce the suffering in people who feel discriminated against, rejected or persecuted. We work with and for those who live with auditory and cognitive disabilities; with mothers head of household of more than two children who do not find any help; children &#8211; girls &#8211; young people who do not have access to quality education; young people and adults \/ men and women who do not find meaning in their lives; families looking for stability. Wisdom seeks to promote them integrally by making God&#8217;s dream come true in their lives, exploring with them new ways to build communities of life and hope in a world marked by so much pain and death.<\/p>\n<p>88 sisters, working in 11 communities, with children, women and people who are in precarious situations to help them move towards a better future.<br \/>\n<strong><br \/>\n<\/strong><\/p>\n<table style=\"width: 100%; border-collapse: collapse;\">\n<tbody>\n<tr>\n<td style=\"width: 33.3333%;\"><span style=\"font-size: 14pt;\"><strong>Casa Provincial<br \/>\n<\/strong>Hijas de la Sabidur\u00eda<\/span><br \/>\n<span style=\"font-size: 14pt;\">Casa Provincial<\/span><br \/>\n<span style=\"font-size: 14pt;\">Carrera 10A N\u00b08-36 sur<\/span><br \/>\n<span style=\"font-size: 14pt;\">Ciudad Berna<\/span><br \/>\n<span style=\"font-size: 14pt;\">BOGOTA D.C<\/span><br \/>\n<span style=\"font-size: 14pt;\">Colombia<\/span><br \/>\n<span style=\"font-size: 14pt;\">&#8230;<\/span><\/td>\n<td style=\"width: 33.3333%;\"><span style=\"font-size: 14pt;\"><strong>Acacias<\/strong><\/span><br \/>\n<span style=\"font-size: 14pt;\">Colegio N.S. de la Sabidur\u00eda<\/span><br \/>\n<span style=\"font-size: 14pt;\">Carrera 16N\u00b013-42<\/span><br \/>\n<span style=\"font-size: 14pt;\">Acacias (Meta)<\/span><br \/>\n<span style=\"font-size: 14pt;\">&#8230;<\/span><\/td>\n<td style=\"width: 33.3333%;\"><span style=\"font-size: 14pt;\"><strong>Bogota<br \/>\nCasa de Agogida<br \/>\n<\/strong>Hijas de la Sabidur\u00eda<strong><br \/>\n<\/strong>Calle 22 Sur N\u00b0 10A-51 Int. 102<strong><br \/>\n<\/strong>Bogota<\/span><br \/>\n<span style=\"font-size: 14pt;\">&#8230;<\/span><\/td>\n<\/tr>\n<tr>\n<td style=\"width: 33.3333%;\"><span style=\"font-size: 14pt;\"><strong>Bogota<br \/>\nCasa de Formaci\u00f3n<br \/>\n<\/strong>Hijas de la Sabidur\u00eda<strong><br \/>\n<\/strong>Carrera 10C N\u00b027-23 Sur<strong><br \/>\n<\/strong>Bogota<\/span><br \/>\n<span style=\"font-size: 14pt;\">&#8230;<\/span><\/td>\n<td style=\"width: 33.3333%;\"><span style=\"font-size: 14pt;\"><strong>Bogota<br \/>\nColegio N.S. de la Sabidur\u00eda<br \/>\n<\/strong>Calla 20 Sur, N\u00b0 11B-51<strong><br \/>\n<\/strong>Bogota <\/span><br \/>\n<span style=\"font-size: 14pt;\">&#8230;<\/span><\/td>\n<td style=\"width: 33.3333%;\"><span style=\"font-size: 14pt;\"><strong>Bogota<br \/>\nEnfermar\u00eda Maria Luisa<br \/>\n<\/strong>Hijas de la Sabidur\u00eda<\/span><br \/>\n<span style=\"font-size: 14pt;\">Calle 22 Sur N\u00b0 10A-51 Int. 101<\/span><br \/>\n<span style=\"font-size: 14pt;\">Bogota<\/span><br \/>\n<span style=\"font-size: 14pt;\">&#8230;<\/span><\/td>\n<\/tr>\n<tr>\n<td style=\"width: 33.3333%;\"><span style=\"font-size: 14pt;\"><strong>Bogota<br \/>\nHogar de Nazareth<br \/>\n<\/strong>Calle 22 Sur, N\u00b0 10A-51 Int. 103<strong><br \/>\n<\/strong>Bogota<\/span><br \/>\n<span style=\"font-size: 14pt;\">&#8230;<\/span><\/td>\n<td style=\"width: 33.3333%;\"><span style=\"font-size: 14pt;\"><strong>Bogota<br \/>\nN.S. de Lourdes<br \/>\n<\/strong>Hijas de la Sabidur\u00eda<strong><br \/>\n<\/strong>Calle 20 Sur, N. 10A-51<\/span><br \/>\n<span style=\"font-size: 14pt;\">Barrio El Sosiego<strong><br \/>\n<\/strong>Bogota<\/span><br \/>\n<span style=\"font-size: 14pt;\">&#8230;<\/span><\/td>\n<td style=\"width: 33.3333%;\"><span style=\"font-size: 14pt;\"><strong>Chinauta<br \/>\nFusagasug\u00e1<\/strong><em><br \/>\n<\/em>Hijas de la Sabidur\u00eda<\/span><br \/>\n<span style=\"font-size: 14pt;\">Finca Santa Rosa, Km 69<\/span><br \/>\n<span style=\"font-size: 14pt;\">Apartado Postal : 155 Fusagasug\u00e1<\/span><br \/>\n<span style=\"font-size: 14pt;\">Chinauta<\/span><br \/>\n<span style=\"font-size: 14pt;\">&#8230;<\/span><\/td>\n<\/tr>\n<tr>\n<td style=\"width: 33.3333%;\"><span style=\"font-size: 14pt;\"><strong>Choachi<\/strong><\/span><br \/>\n<span style=\"font-size: 14pt;\">Villa Trichet<\/span><br \/>\n<span style=\"font-size: 14pt;\">Choachi (Cundinamarca)<\/span><br \/>\n<span style=\"font-size: 14pt;\">Bogota<\/span><br \/>\n<span style=\"font-size: 14pt;\">&#8230;<\/span><\/td>\n<td style=\"width: 33.3333%;\"><span style=\"font-size: 14pt;\"><strong>Fusagasuga<br \/>\nLa Gran Colombia<em><br \/>\n<\/em><\/strong>Hijas de la Sabidur\u00eda<strong><br \/>\n<\/strong>Carrera 50 N\u00b0 21-32<strong><br \/>\n<\/strong>Barrio &#8220;El Futuro&#8221;<strong><br \/>\n<\/strong>La Gran Colombia<strong><br \/>\n<\/strong>Fusagasuga<\/span><br \/>\n<span style=\"font-size: 14pt;\">&#8230;<\/span><\/td>\n<td style=\"width: 33.3333%;\"><\/td>\n<\/tr>\n<tr>\n<td style=\"width: 33.3333%;\"><\/td>\n<td style=\"width: 33.3333%;\"><\/td>\n<td style=\"width: 33.3333%;\"><\/td>\n<\/tr>\n<\/tbody>\n<\/table>\n<p>&nbsp;<\/p>\n<p>&#8230;<\/p>\n<p><strong>\u00a0<\/strong><\/p>\n","protected":false},"excerpt":{"rendered":"<p>Sisters Marina, Derly, Carmen, Mar\u00eda de Jes\u00fas, Gisela Our presence in Colombia has as its mission to reduce the suffering in people who feel discriminated against, rejected or persecuted. We work with and for those who live with auditory and cognitive disabilities; with mothers head of household of more than two children who do not [&hellip;]<\/p>\n","protected":false},"author":1,"featured_media":0,"parent":1158,"menu_order":0,"comment_status":"closed","ping_status":"closed","template":"","meta":{"_acf_changed":false,"_exactmetrics_skip_tracking":false,"_exactmetrics_sitenote_active":false,"_exactmetrics_sitenote_note":"","_exactmetrics_sitenote_category":0,"footnotes":""},"class_list":["post-1163","page","type-page","status-publish","hentry"],"acf":[],"yoast_head":"<!-- This site is optimized with the Yoast SEO plugin v26.5 - https:\/\/yoast.com\/wordpress\/plugins\/seo\/ -->\n<title>Colombia - Congr\u00e9gation des Filles de la Sagesse<\/title>\n<meta name=\"robots\" content=\"index, follow, max-snippet:-1, max-image-preview:large, max-video-preview:-1\" \/>\n<link rel=\"canonical\" href=\"https:\/\/www.fdlsagesse.org\/en\/about-the-daughters-of-wisdom\/nos-entites\/colombie\/\" \/>\n<meta property=\"og:locale\" content=\"en_US\" \/>\n<meta property=\"og:type\" content=\"article\" \/>\n<meta property=\"og:title\" content=\"Colombia - Congr\u00e9gation des Filles de la Sagesse\" \/>\n<meta property=\"og:description\" content=\"Sisters Marina, Derly, Carmen, Mar\u00eda de Jes\u00fas, Gisela Our presence in Colombia has as its mission to reduce the suffering in people who feel discriminated against, rejected or persecuted. We work with and for those who live with auditory and cognitive disabilities; with mothers head of household of more than two children who do not [&hellip;]\" \/>\n<meta property=\"og:url\" content=\"https:\/\/www.fdlsagesse.org\/en\/about-the-daughters-of-wisdom\/nos-entites\/colombie\/\" \/>\n<meta property=\"og:site_name\" content=\"Congr\u00e9gation des Filles de la Sagesse\" \/>\n<meta property=\"article:modified_time\" content=\"2021-03-24T09:32:14+00:00\" \/>\n<meta name=\"twitter:card\" content=\"summary_large_image\" \/>\n<meta name=\"twitter:label1\" content=\"Est. reading time\" \/>\n\t<meta name=\"twitter:data1\" content=\"2 minutes\" \/>\n<script type=\"application\/ld+json\" class=\"yoast-schema-graph\">{\"@context\":\"https:\/\/schema.org\",\"@graph\":[{\"@type\":\"WebPage\",\"@id\":\"https:\/\/www.fdlsagesse.org\/en\/about-the-daughters-of-wisdom\/nos-entites\/colombie\/\",\"url\":\"https:\/\/www.fdlsagesse.org\/en\/about-the-daughters-of-wisdom\/nos-entites\/colombie\/\",\"name\":\"Colombia - Congr\u00e9gation des Filles de la Sagesse\",\"isPartOf\":{\"@id\":\"https:\/\/www.fdlsagesse.org\/#website\"},\"datePublished\":\"2018-10-03T14:44:51+00:00\",\"dateModified\":\"2021-03-24T09:32:14+00:00\",\"breadcrumb\":{\"@id\":\"https:\/\/www.fdlsagesse.org\/en\/about-the-daughters-of-wisdom\/nos-entites\/colombie\/#breadcrumb\"},\"inLanguage\":\"en-US\",\"potentialAction\":[{\"@type\":\"ReadAction\",\"target\":[\"https:\/\/www.fdlsagesse.org\/en\/about-the-daughters-of-wisdom\/nos-entites\/colombie\/\"]}]},{\"@type\":\"BreadcrumbList\",\"@id\":\"https:\/\/www.fdlsagesse.org\/en\/about-the-daughters-of-wisdom\/nos-entites\/colombie\/#breadcrumb\",\"itemListElement\":[{\"@type\":\"ListItem\",\"position\":1,\"name\":\"Accueil\",\"item\":\"https:\/\/www.fdlsagesse.org\/en\/\"},{\"@type\":\"ListItem\",\"position\":2,\"name\":\"About the Daughters of Wisdom\",\"item\":\"https:\/\/www.fdlsagesse.org\/en\/about-the-daughters-of-wisdom\/\"},{\"@type\":\"ListItem\",\"position\":3,\"name\":\"Our Entities\",\"item\":\"https:\/\/www.fdlsagesse.org\/en\/about-the-daughters-of-wisdom\/nos-entites\/\"},{\"@type\":\"ListItem\",\"position\":4,\"name\":\"Colombia\"}]},{\"@type\":\"WebSite\",\"@id\":\"https:\/\/www.fdlsagesse.org\/#website\",\"url\":\"https:\/\/www.fdlsagesse.org\/\",\"name\":\"Congr\u00e9gation des Filles de la Sagesse\",\"description\":\"Un site utilisant WordPress\",\"potentialAction\":[{\"@type\":\"SearchAction\",\"target\":{\"@type\":\"EntryPoint\",\"urlTemplate\":\"https:\/\/www.fdlsagesse.org\/?s={search_term_string}\"},\"query-input\":{\"@type\":\"PropertyValueSpecification\",\"valueRequired\":true,\"valueName\":\"search_term_string\"}}],\"inLanguage\":\"en-US\"}]}<\/script>\n<!-- \/ Yoast SEO plugin. -->","yoast_head_json":{"title":"Colombia - Congr\u00e9gation des Filles de la Sagesse","robots":{"index":"index","follow":"follow","max-snippet":"max-snippet:-1","max-image-preview":"max-image-preview:large","max-video-preview":"max-video-preview:-1"},"canonical":"https:\/\/www.fdlsagesse.org\/en\/about-the-daughters-of-wisdom\/nos-entites\/colombie\/","og_locale":"en_US","og_type":"article","og_title":"Colombia - Congr\u00e9gation des Filles de la Sagesse","og_description":"Sisters Marina, Derly, Carmen, Mar\u00eda de Jes\u00fas, Gisela Our presence in Colombia has as its mission to reduce the suffering in people who feel discriminated against, rejected or persecuted. We work with and for those who live with auditory and cognitive disabilities; with mothers head of household of more than two children who do not [&hellip;]","og_url":"https:\/\/www.fdlsagesse.org\/en\/about-the-daughters-of-wisdom\/nos-entites\/colombie\/","og_site_name":"Congr\u00e9gation des Filles de la Sagesse","article_modified_time":"2021-03-24T09:32:14+00:00","twitter_card":"summary_large_image","twitter_misc":{"Est. reading time":"2 minutes"},"schema":{"@context":"https:\/\/schema.org","@graph":[{"@type":"WebPage","@id":"https:\/\/www.fdlsagesse.org\/en\/about-the-daughters-of-wisdom\/nos-entites\/colombie\/","url":"https:\/\/www.fdlsagesse.org\/en\/about-the-daughters-of-wisdom\/nos-entites\/colombie\/","name":"Colombia - Congr\u00e9gation des Filles de la Sagesse","isPartOf":{"@id":"https:\/\/www.fdlsagesse.org\/#website"},"datePublished":"2018-10-03T14:44:51+00:00","dateModified":"2021-03-24T09:32:14+00:00","breadcrumb":{"@id":"https:\/\/www.fdlsagesse.org\/en\/about-the-daughters-of-wisdom\/nos-entites\/colombie\/#breadcrumb"},"inLanguage":"en-US","potentialAction":[{"@type":"ReadAction","target":["https:\/\/www.fdlsagesse.org\/en\/about-the-daughters-of-wisdom\/nos-entites\/colombie\/"]}]},{"@type":"BreadcrumbList","@id":"https:\/\/www.fdlsagesse.org\/en\/about-the-daughters-of-wisdom\/nos-entites\/colombie\/#breadcrumb","itemListElement":[{"@type":"ListItem","position":1,"name":"Accueil","item":"https:\/\/www.fdlsagesse.org\/en\/"},{"@type":"ListItem","position":2,"name":"About the Daughters of Wisdom","item":"https:\/\/www.fdlsagesse.org\/en\/about-the-daughters-of-wisdom\/"},{"@type":"ListItem","position":3,"name":"Our Entities","item":"https:\/\/www.fdlsagesse.org\/en\/about-the-daughters-of-wisdom\/nos-entites\/"},{"@type":"ListItem","position":4,"name":"Colombia"}]},{"@type":"WebSite","@id":"https:\/\/www.fdlsagesse.org\/#website","url":"https:\/\/www.fdlsagesse.org\/","name":"Congr\u00e9gation des Filles de la Sagesse","description":"Un site utilisant WordPress","potentialAction":[{"@type":"SearchAction","target":{"@type":"EntryPoint","urlTemplate":"https:\/\/www.fdlsagesse.org\/?s={search_term_string}"},"query-input":{"@type":"PropertyValueSpecification","valueRequired":true,"valueName":"search_term_string"}}],"inLanguage":"en-US"}]}},"_links":{"self":[{"href":"https:\/\/www.fdlsagesse.org\/en\/wp-json\/wp\/v2\/pages\/1163","targetHints":{"allow":["GET"]}}],"collection":[{"href":"https:\/\/www.fdlsagesse.org\/en\/wp-json\/wp\/v2\/pages"}],"about":[{"href":"https:\/\/www.fdlsagesse.org\/en\/wp-json\/wp\/v2\/types\/page"}],"author":[{"embeddable":true,"href":"https:\/\/www.fdlsagesse.org\/en\/wp-json\/wp\/v2\/users\/1"}],"replies":[{"embeddable":true,"href":"https:\/\/www.fdlsagesse.org\/en\/wp-json\/wp\/v2\/comments?post=1163"}],"version-history":[{"count":0,"href":"https:\/\/www.fdlsagesse.org\/en\/wp-json\/wp\/v2\/pages\/1163\/revisions"}],"up":[{"embeddable":true,"href":"https:\/\/www.fdlsagesse.org\/en\/wp-json\/wp\/v2\/pages\/1158"}],"wp:attachment":[{"href":"https:\/\/www.fdlsagesse.org\/en\/wp-json\/wp\/v2\/media?parent=1163"}],"curies":[{"name":"wp","href":"https:\/\/api.w.org\/{rel}","templated":true}]}}