{"id":1197,"date":"2018-11-15T15:54:35","date_gmt":"2018-11-15T14:54:35","guid":{"rendered":"https:\/\/www.fdlsagesse.org\/about-the-daughters-of-wisdom\/nos-entites\/haiti\/"},"modified":"2021-03-24T11:21:36","modified_gmt":"2021-03-24T10:21:36","slug":"haiti","status":"publish","type":"page","link":"https:\/\/www.fdlsagesse.org\/en\/about-the-daughters-of-wisdom\/nos-entites\/haiti\/","title":{"rendered":"Ha\u00efti"},"content":{"rendered":"<p>Photo : S\u0153urs Nadige, Rose Marly, Mageorie, Sandrale et Virginie<\/p>\n<p>94 Sisters in 16 communities<\/p>\n<table style=\"width: 100%; border-collapse: collapse; height: 330px;\">\n<tbody>\n<tr style=\"height: 138px;\">\n<td style=\"width: 33.3333%; height: 138px;\"><span style=\"font-size: 14pt;\"><strong>Maison Provinciale<\/strong><\/span><br \/>\n<span style=\"font-size: 14pt;\">Filles de la Sagesse<\/span><br \/>\n<span style=\"font-size: 14pt;\">34, Angle rues Og\u00e9 et Magny<\/span><br \/>\n<span style=\"font-size: 14pt;\">Peton-Ville HT 6140<\/span><br \/>\n<span style=\"font-size: 14pt;\"><span style=\"font-size: 14pt;\">Ha\u00efti Grandes Antilles<br \/>\n&#8230;<br \/>\n<\/span><\/span><\/td>\n<td style=\"width: 33.3333%; height: 138px;\"><span style=\"font-size: 14pt;\"><strong>Cap Ha\u00eftien<\/strong><\/span><br \/>\n<span style=\"font-size: 14pt;\">Car\u00e9nage<\/span><br \/>\n<span style=\"font-size: 14pt;\">Dispensaire N.D. de Lourdes<\/span><br \/>\n<span style=\"font-size: 14pt;\">Rue 25-26 C-D Car\u00e9nage<\/span><br \/>\n<span style=\"font-size: 14pt;\"><span style=\"font-size: 14pt;\">Cap Ha\u00eftien<br \/>\n&#8230;<br \/>\n<\/span><\/span><\/td>\n<td style=\"width: 33.3333%; height: 138px;\"><span style=\"font-size: 14pt;\"><strong>Cap Ha\u00eftien<\/strong><\/span><br \/>\n<span style=\"font-size: 14pt;\">Institut Marie-Louise de J\u00e9sus pour les Enfants Sourds<\/span><br \/>\n<span style=\"font-size: 14pt;\">Route Nationale, 1, Ste Philom\u00e8ne<\/span><br \/>\n<span style=\"font-size: 14pt;\"><span style=\"font-size: 14pt;\">Cap Ha\u00eftien HT 1110<br \/>\n&#8230;<br \/>\n<\/span><\/span><\/td>\n<\/tr>\n<tr style=\"height: 96px;\">\n<td style=\"width: 33.3333%; height: 96px;\"><span style=\"font-size: 14pt;\"><strong>Counoubois<\/strong><\/span><br \/>\n<span style=\"font-size: 14pt;\">\u00c9cole N.D. du Rosaire<\/span><br \/>\n<span style=\"font-size: 14pt;\"><span style=\"font-size: 14pt;\">Counoubois<br \/>\n&#8230;<br \/>\n<\/span><\/span><\/td>\n<td style=\"width: 33.3333%; height: 96px;\"><span style=\"font-size: 14pt;\"><strong>J\u00e9r\u00e9mie<\/strong><\/span><br \/>\n<span style=\"font-size: 14pt;\">\u00c9cole Notre-Dame de Lourdes<\/span><br \/>\n<span style=\"font-size: 14pt;\">88, rue Rochasse<\/span><br \/>\n<span style=\"font-size: 14pt;\"><span style=\"font-size: 14pt;\">J\u00e9r\u00e9mie HT 7110<br \/>\n&#8230;<br \/>\n<\/span><\/span><\/td>\n<td style=\"width: 33.3333%; height: 96px;\"><span style=\"font-size: 14pt;\"><strong>J\u00e9r\u00e9mie<\/strong><\/span><br \/>\n<span style=\"font-size: 14pt;\">La Source<\/span><br \/>\n<span style=\"font-size: 14pt;\">Villa Saint Louis<\/span><br \/>\n<span style=\"font-size: 14pt;\"><span style=\"font-size: 14pt;\">J\u00e9r\u00e9mie<br \/>\n&#8230;<br \/>\n<\/span><\/span><\/td>\n<\/tr>\n<tr style=\"height: 24px;\">\n<td style=\"width: 33.3333%; height: 24px;\"><span style=\"font-size: 14pt;\"><strong>Mare Rouge<\/strong><\/span><br \/>\n<span style=\"font-size: 14pt;\">\u00c9cole &#8220;La Fraternit\u00e9&#8221;<\/span><br \/>\n<span style=\"font-size: 14pt;\"><span style=\"font-size: 14pt;\">15, Rue Ste Anne<br \/>\nMare Rouge<br \/>\n&#8230;<br \/>\n<\/span><\/span><\/td>\n<td style=\"width: 33.3333%; height: 24px;\"><span style=\"font-size: 14pt;\"><strong>P\u00e9tion-Ville<\/strong><\/span><br \/>\n<span style=\"font-size: 14pt;\">\u00c9cole N.D. du Rosaire<\/span><br \/>\n<span style=\"font-size: 14pt;\">34 bis, rue Magny<\/span><br \/>\n<span style=\"font-size: 14pt;\"><span style=\"font-size: 14pt;\">P\u00e9tion-Ville HT 6140<br \/>\n&#8230;<br \/>\n<\/span><\/span><\/td>\n<td style=\"width: 33.3333%; height: 24px;\"><span style=\"font-size: 14pt;\"><strong>Petit Go\u00e2ve<\/strong><\/span><br \/>\n<span style=\"font-size: 14pt;\">Ecole N.D. de la Sagesse<\/span><br \/>\n<span style=\"font-size: 14pt;\">1, rue Saint Paul<\/span><br \/>\n<span style=\"font-size: 14pt;\"><span style=\"font-size: 14pt;\">Petit Go\u00e2ve HT 6220<br \/>\n&#8230;<br \/>\n<\/span><\/span><\/td>\n<\/tr>\n<tr style=\"height: 24px;\">\n<td style=\"width: 33.3333%; height: 24px;\"><span style=\"font-size: 14pt;\"><strong>Port-Au-Prince<\/strong><\/span><br \/>\n<span style=\"font-size: 14pt;\">Maison d&#8217;Accueil<\/span><br \/>\n<span style=\"font-size: 14pt;\">2, rue Celcis<\/span><br \/>\n<span style=\"font-size: 14pt;\">Angle Rte Canap\u00e9-Vert et rue Rosa<\/span><br \/>\n<span style=\"font-size: 14pt;\"><span style=\"font-size: 14pt;\">Port Au Prince<br \/>\n&#8230;<br \/>\n<\/span><\/span><\/td>\n<td style=\"width: 33.3333%; height: 24px;\"><span style=\"font-size: 14pt;\"><strong>Port-Au-Prince<\/strong><\/span><br \/>\n<span style=\"font-size: 14pt;\">Institut Montfort<\/span><br \/>\n<span style=\"font-size: 14pt;\">Duval 31<\/span><br \/>\n<span style=\"font-size: 14pt;\">B.P. 1037<\/span><br \/>\n<span style=\"font-size: 14pt;\"><span style=\"font-size: 14pt;\">Port Au Prince<br \/>\n&#8230;<br \/>\n<\/span><\/span><\/td>\n<td style=\"width: 33.3333%; height: 24px;\"><span style=\"font-size: 14pt;\"><strong>Port-Au-Prince<\/strong><\/span><br \/>\n<span style=\"font-size: 14pt;\">Maison de repos<\/span><br \/>\n<span style=\"font-size: 14pt;\">Notre Dame de Toutes Gr\u00e2ces<\/span><br \/>\n<span style=\"font-size: 14pt;\">Carrefour-Mariani<\/span><br \/>\n<span style=\"font-size: 14pt;\"><span style=\"font-size: 14pt;\">Port Au Prince HT 6130<br \/>\n&#8230;<br \/>\n<\/span><\/span><\/td>\n<\/tr>\n<tr style=\"height: 24px;\">\n<td style=\"width: 33.3333%; height: 24px;\"><span style=\"font-size: 14pt;\"><strong>Port-Au-Prince<\/strong><\/span><br \/>\n<span style=\"font-size: 14pt;\">Institution du Sacr\u00e9-Coeur<\/span><br \/>\n<span style=\"font-size: 14pt;\">44, avenue Jean-Paul II<\/span><br \/>\n<span style=\"font-size: 14pt;\"><span style=\"font-size: 14pt;\">Port Au Prince HT 6113<br \/>\n&#8230;<br \/>\n<\/span><\/span><\/td>\n<td style=\"width: 33.3333%; height: 24px;\"><span style=\"font-size: 14pt;\"><strong>Port-Au-Prince<\/strong><\/span><br \/>\n<span style=\"font-size: 14pt;\">Pr\u00e9noviciat Marie Reine des Coeurs<\/span><br \/>\n<span style=\"font-size: 14pt;\">Carrefour-Mariani<\/span><br \/>\n<span style=\"font-size: 14pt;\"><span style=\"font-size: 14pt;\">Port-Au-Prince HT 6130<br \/>\n&#8230;<br \/>\n<\/span><\/span><\/td>\n<td style=\"width: 33.3333%; height: 24px;\"><span style=\"font-size: 14pt;\"><strong>Port-De-Paix<\/strong><\/span><br \/>\n<span style=\"font-size: 14pt;\">\u00c9cole N.D. du Perp\u00e9tuel Secours<\/span><br \/>\n<span style=\"font-size: 14pt;\">Rue Notre Dame<\/span><br \/>\n<span style=\"font-size: 14pt;\"><span style=\"font-size: 14pt;\">Port Au Prince HT 3110<br \/>\n&#8230;<br \/>\n<\/span><\/span><\/td>\n<\/tr>\n<tr style=\"height: 24px;\">\n<td style=\"width: 33.3333%; height: 24px;\"><span style=\"font-size: 14pt;\"><strong>St Louis-Du-Nord<\/strong><\/span><br \/>\n<span style=\"font-size: 14pt;\">\u00c9cole Ste Agn\u00e8s<\/span><br \/>\n<span style=\"font-size: 14pt;\">St Louis Du Nord-Ha\u00efti<br \/>\n&#8230;<br \/>\n<\/span><\/td>\n<td style=\"width: 33.3333%; height: 24px;\"><\/td>\n<td style=\"width: 33.3333%; height: 24px;\"><\/td>\n<\/tr>\n<\/tbody>\n<\/table>\n<p>&#8230;<\/p>\n","protected":false},"excerpt":{"rendered":"<p>Photo : S\u0153urs Nadige, Rose Marly, Mageorie, Sandrale et Virginie 94 Sisters in 16 communities Maison Provinciale Filles de la Sagesse 34, Angle rues Og\u00e9 et Magny Peton-Ville HT 6140 Ha\u00efti Grandes Antilles &#8230; Cap Ha\u00eftien Car\u00e9nage Dispensaire N.D. de Lourdes Rue 25-26 C-D Car\u00e9nage Cap Ha\u00eftien &#8230; Cap Ha\u00eftien Institut Marie-Louise de J\u00e9sus pour [&hellip;]<\/p>\n","protected":false},"author":1,"featured_media":0,"parent":1158,"menu_order":0,"comment_status":"closed","ping_status":"closed","template":"","meta":{"_acf_changed":false,"_exactmetrics_skip_tracking":false,"_exactmetrics_sitenote_active":false,"_exactmetrics_sitenote_note":"","_exactmetrics_sitenote_category":0,"footnotes":""},"class_list":["post-1197","page","type-page","status-publish","hentry"],"acf":[],"yoast_head":"<!-- This site is optimized with the Yoast SEO plugin v26.5 - https:\/\/yoast.com\/wordpress\/plugins\/seo\/ -->\n<title>Ha\u00efti - Congr\u00e9gation des Filles de la Sagesse<\/title>\n<meta name=\"robots\" content=\"index, follow, max-snippet:-1, max-image-preview:large, max-video-preview:-1\" \/>\n<link rel=\"canonical\" href=\"https:\/\/www.fdlsagesse.org\/en\/about-the-daughters-of-wisdom\/nos-entites\/haiti\/\" \/>\n<meta property=\"og:locale\" content=\"en_US\" \/>\n<meta property=\"og:type\" content=\"article\" \/>\n<meta property=\"og:title\" content=\"Ha\u00efti - Congr\u00e9gation des Filles de la Sagesse\" \/>\n<meta property=\"og:description\" content=\"Photo : S\u0153urs Nadige, Rose Marly, Mageorie, Sandrale et Virginie 94 Sisters in 16 communities Maison Provinciale Filles de la Sagesse 34, Angle rues Og\u00e9 et Magny Peton-Ville HT 6140 Ha\u00efti Grandes Antilles &#8230; Cap Ha\u00eftien Car\u00e9nage Dispensaire N.D. de Lourdes Rue 25-26 C-D Car\u00e9nage Cap Ha\u00eftien &#8230; Cap Ha\u00eftien Institut Marie-Louise de J\u00e9sus pour [&hellip;]\" \/>\n<meta property=\"og:url\" content=\"https:\/\/www.fdlsagesse.org\/en\/about-the-daughters-of-wisdom\/nos-entites\/haiti\/\" \/>\n<meta property=\"og:site_name\" content=\"Congr\u00e9gation des Filles de la Sagesse\" \/>\n<meta property=\"article:modified_time\" content=\"2021-03-24T10:21:36+00:00\" \/>\n<meta name=\"twitter:card\" content=\"summary_large_image\" \/>\n<meta name=\"twitter:label1\" content=\"Est. reading time\" \/>\n\t<meta name=\"twitter:data1\" content=\"1 minute\" \/>\n<script type=\"application\/ld+json\" class=\"yoast-schema-graph\">{\"@context\":\"https:\/\/schema.org\",\"@graph\":[{\"@type\":\"WebPage\",\"@id\":\"https:\/\/www.fdlsagesse.org\/en\/about-the-daughters-of-wisdom\/nos-entites\/haiti\/\",\"url\":\"https:\/\/www.fdlsagesse.org\/en\/about-the-daughters-of-wisdom\/nos-entites\/haiti\/\",\"name\":\"Ha\u00efti - Congr\u00e9gation des Filles de la Sagesse\",\"isPartOf\":{\"@id\":\"https:\/\/www.fdlsagesse.org\/#website\"},\"datePublished\":\"2018-11-15T14:54:35+00:00\",\"dateModified\":\"2021-03-24T10:21:36+00:00\",\"breadcrumb\":{\"@id\":\"https:\/\/www.fdlsagesse.org\/en\/about-the-daughters-of-wisdom\/nos-entites\/haiti\/#breadcrumb\"},\"inLanguage\":\"en-US\",\"potentialAction\":[{\"@type\":\"ReadAction\",\"target\":[\"https:\/\/www.fdlsagesse.org\/en\/about-the-daughters-of-wisdom\/nos-entites\/haiti\/\"]}]},{\"@type\":\"BreadcrumbList\",\"@id\":\"https:\/\/www.fdlsagesse.org\/en\/about-the-daughters-of-wisdom\/nos-entites\/haiti\/#breadcrumb\",\"itemListElement\":[{\"@type\":\"ListItem\",\"position\":1,\"name\":\"Accueil\",\"item\":\"https:\/\/www.fdlsagesse.org\/en\/\"},{\"@type\":\"ListItem\",\"position\":2,\"name\":\"About the Daughters of Wisdom\",\"item\":\"https:\/\/www.fdlsagesse.org\/en\/about-the-daughters-of-wisdom\/\"},{\"@type\":\"ListItem\",\"position\":3,\"name\":\"Our Entities\",\"item\":\"https:\/\/www.fdlsagesse.org\/en\/about-the-daughters-of-wisdom\/nos-entites\/\"},{\"@type\":\"ListItem\",\"position\":4,\"name\":\"Ha\u00efti\"}]},{\"@type\":\"WebSite\",\"@id\":\"https:\/\/www.fdlsagesse.org\/#website\",\"url\":\"https:\/\/www.fdlsagesse.org\/\",\"name\":\"Congr\u00e9gation des Filles de la Sagesse\",\"description\":\"Un site utilisant WordPress\",\"potentialAction\":[{\"@type\":\"SearchAction\",\"target\":{\"@type\":\"EntryPoint\",\"urlTemplate\":\"https:\/\/www.fdlsagesse.org\/?s={search_term_string}\"},\"query-input\":{\"@type\":\"PropertyValueSpecification\",\"valueRequired\":true,\"valueName\":\"search_term_string\"}}],\"inLanguage\":\"en-US\"}]}<\/script>\n<!-- \/ Yoast SEO plugin. -->","yoast_head_json":{"title":"Ha\u00efti - Congr\u00e9gation des Filles de la Sagesse","robots":{"index":"index","follow":"follow","max-snippet":"max-snippet:-1","max-image-preview":"max-image-preview:large","max-video-preview":"max-video-preview:-1"},"canonical":"https:\/\/www.fdlsagesse.org\/en\/about-the-daughters-of-wisdom\/nos-entites\/haiti\/","og_locale":"en_US","og_type":"article","og_title":"Ha\u00efti - Congr\u00e9gation des Filles de la Sagesse","og_description":"Photo : S\u0153urs Nadige, Rose Marly, Mageorie, Sandrale et Virginie 94 Sisters in 16 communities Maison Provinciale Filles de la Sagesse 34, Angle rues Og\u00e9 et Magny Peton-Ville HT 6140 Ha\u00efti Grandes Antilles &#8230; Cap Ha\u00eftien Car\u00e9nage Dispensaire N.D. de Lourdes Rue 25-26 C-D Car\u00e9nage Cap Ha\u00eftien &#8230; Cap Ha\u00eftien Institut Marie-Louise de J\u00e9sus pour [&hellip;]","og_url":"https:\/\/www.fdlsagesse.org\/en\/about-the-daughters-of-wisdom\/nos-entites\/haiti\/","og_site_name":"Congr\u00e9gation des Filles de la Sagesse","article_modified_time":"2021-03-24T10:21:36+00:00","twitter_card":"summary_large_image","twitter_misc":{"Est. reading time":"1 minute"},"schema":{"@context":"https:\/\/schema.org","@graph":[{"@type":"WebPage","@id":"https:\/\/www.fdlsagesse.org\/en\/about-the-daughters-of-wisdom\/nos-entites\/haiti\/","url":"https:\/\/www.fdlsagesse.org\/en\/about-the-daughters-of-wisdom\/nos-entites\/haiti\/","name":"Ha\u00efti - Congr\u00e9gation des Filles de la Sagesse","isPartOf":{"@id":"https:\/\/www.fdlsagesse.org\/#website"},"datePublished":"2018-11-15T14:54:35+00:00","dateModified":"2021-03-24T10:21:36+00:00","breadcrumb":{"@id":"https:\/\/www.fdlsagesse.org\/en\/about-the-daughters-of-wisdom\/nos-entites\/haiti\/#breadcrumb"},"inLanguage":"en-US","potentialAction":[{"@type":"ReadAction","target":["https:\/\/www.fdlsagesse.org\/en\/about-the-daughters-of-wisdom\/nos-entites\/haiti\/"]}]},{"@type":"BreadcrumbList","@id":"https:\/\/www.fdlsagesse.org\/en\/about-the-daughters-of-wisdom\/nos-entites\/haiti\/#breadcrumb","itemListElement":[{"@type":"ListItem","position":1,"name":"Accueil","item":"https:\/\/www.fdlsagesse.org\/en\/"},{"@type":"ListItem","position":2,"name":"About the Daughters of Wisdom","item":"https:\/\/www.fdlsagesse.org\/en\/about-the-daughters-of-wisdom\/"},{"@type":"ListItem","position":3,"name":"Our Entities","item":"https:\/\/www.fdlsagesse.org\/en\/about-the-daughters-of-wisdom\/nos-entites\/"},{"@type":"ListItem","position":4,"name":"Ha\u00efti"}]},{"@type":"WebSite","@id":"https:\/\/www.fdlsagesse.org\/#website","url":"https:\/\/www.fdlsagesse.org\/","name":"Congr\u00e9gation des Filles de la Sagesse","description":"Un site utilisant WordPress","potentialAction":[{"@type":"SearchAction","target":{"@type":"EntryPoint","urlTemplate":"https:\/\/www.fdlsagesse.org\/?s={search_term_string}"},"query-input":{"@type":"PropertyValueSpecification","valueRequired":true,"valueName":"search_term_string"}}],"inLanguage":"en-US"}]}},"_links":{"self":[{"href":"https:\/\/www.fdlsagesse.org\/en\/wp-json\/wp\/v2\/pages\/1197","targetHints":{"allow":["GET"]}}],"collection":[{"href":"https:\/\/www.fdlsagesse.org\/en\/wp-json\/wp\/v2\/pages"}],"about":[{"href":"https:\/\/www.fdlsagesse.org\/en\/wp-json\/wp\/v2\/types\/page"}],"author":[{"embeddable":true,"href":"https:\/\/www.fdlsagesse.org\/en\/wp-json\/wp\/v2\/users\/1"}],"replies":[{"embeddable":true,"href":"https:\/\/www.fdlsagesse.org\/en\/wp-json\/wp\/v2\/comments?post=1197"}],"version-history":[{"count":0,"href":"https:\/\/www.fdlsagesse.org\/en\/wp-json\/wp\/v2\/pages\/1197\/revisions"}],"up":[{"embeddable":true,"href":"https:\/\/www.fdlsagesse.org\/en\/wp-json\/wp\/v2\/pages\/1158"}],"wp:attachment":[{"href":"https:\/\/www.fdlsagesse.org\/en\/wp-json\/wp\/v2\/media?parent=1197"}],"curies":[{"name":"wp","href":"https:\/\/api.w.org\/{rel}","templated":true}]}}