{"id":1221,"date":"2018-11-22T11:41:01","date_gmt":"2018-11-22T10:41:01","guid":{"rendered":"https:\/\/www.fdlsagesse.org\/about-the-daughters-of-wisdom\/nos-entites\/madagascar\/"},"modified":"2021-03-24T11:48:19","modified_gmt":"2021-03-24T10:48:19","slug":"madagascar","status":"publish","type":"page","link":"https:\/\/www.fdlsagesse.org\/en\/about-the-daughters-of-wisdom\/nos-entites\/madagascar\/","title":{"rendered":"Madagascar"},"content":{"rendered":"<p>Photo : S\u0153urs Marthe Val\u00e9rine,Th\u00e9r\u00e8se, Symphorose,Clarisse Marie, Marie Vivonne<\/p>\n<p>96 Sisters in 20 communities<\/p>\n<table style=\"width: 100%; border-collapse: collapse;\">\n<tbody>\n<tr>\n<td style=\"width: 33.3333%;\"><span style=\"font-size: 14pt;\"><strong>Maison Provinciale<\/strong><\/span><br \/>\n<span style=\"font-size: 14pt;\">Filles de la Sagesse<\/span><br \/>\n<span style=\"font-size: 14pt;\">Lot II M 32 &#8211; Antsakaviro<\/span><br \/>\n<span style=\"font-size: 14pt;\">Antananarivo 101<\/span><br \/>\n<span style=\"font-size: 14pt;\">Madagascar<\/span><br \/>\n<span style=\"font-size: 14pt;\">&#8230;<\/span><\/td>\n<td style=\"width: 33.3333%;\"><span style=\"font-size: 14pt;\"><strong>Ambinanindrano<\/strong><\/span><br \/>\n<span style=\"font-size: 14pt;\">Filles de la Sagesse<\/span><br \/>\n<span style=\"font-size: 14pt;\">ECAR<\/span><br \/>\n<span style=\"font-size: 14pt;\">Ambinanindrano<\/span><br \/>\n<span style=\"font-size: 14pt;\">B.P. 24 Mahanoro<\/span><br \/>\n<span style=\"font-size: 14pt;\">&#8230;<\/span><\/td>\n<td style=\"width: 33.3333%;\"><span style=\"font-size: 14pt;\"><strong>Ambohimanamora<\/strong><\/span><br \/>\n<span style=\"font-size: 14pt;\">Notre Dame de l&#8217;Assomption<\/span><br \/>\n<span style=\"font-size: 14pt;\">FKT Antanetibe &#8211;<\/span><br \/>\n<span style=\"font-size: 14pt;\">Andranomanelatra<\/span><br \/>\n<span style=\"font-size: 14pt;\">Antsirabe II<\/span><br \/>\n<span style=\"font-size: 14pt;\">Antananarivo<\/span><br \/>\n<span style=\"font-size: 14pt;\">&#8230;<\/span><\/td>\n<\/tr>\n<tr>\n<td style=\"width: 33.3333%;\"><span style=\"font-size: 14pt;\"><strong>Ampanalana<\/strong><\/span><br \/>\n<span style=\"font-size: 14pt;\">Filles de la Sagesse<\/span><br \/>\n<span style=\"font-size: 14pt;\">B.P.40 &#8211; Ampanalana<\/span><br \/>\n<span style=\"font-size: 14pt;\">Toamasina<\/span><br \/>\n<span style=\"font-size: 14pt;\">&#8230;<\/span><\/td>\n<td style=\"width: 33.3333%;\"><span style=\"font-size: 14pt;\"><strong>Antananarivo<\/strong><\/span><br \/>\n<span style=\"font-size: 14pt;\">Accueil<\/span><br \/>\n<span style=\"font-size: 14pt;\">Marie de Nazareth<\/span><br \/>\n<span style=\"font-size: 14pt;\">Lot II M32 Antsakaviro<\/span><br \/>\n<span style=\"font-size: 14pt;\">Antananarivo 101<\/span><br \/>\n<span style=\"font-size: 14pt;\">&#8230;<\/span><\/td>\n<td style=\"width: 33.3333%;\"><span style=\"font-size: 14pt;\"><strong>Antananarivo<\/strong><\/span><br \/>\n<span style=\"font-size: 14pt;\">Benasandratra<\/span><br \/>\n<span style=\"font-size: 14pt;\">Village Aina<\/span><br \/>\n<span style=\"font-size: 14pt;\">Lot II M32 &#8211; Antsakaviro<\/span><br \/>\n<span style=\"font-size: 14pt;\">Antananarivo<\/span><br \/>\n<span style=\"font-size: 14pt;\">&#8230;<\/span><\/td>\n<\/tr>\n<tr>\n<td style=\"width: 33.3333%;\"><span style=\"font-size: 14pt;\"><strong>Antananarivo<\/strong><\/span><br \/>\n<span style=\"font-size: 14pt;\">Etudiantes<\/span><br \/>\n<span style=\"font-size: 14pt;\">Notre Dame de la Joie<\/span><br \/>\n<span style=\"font-size: 14pt;\">Lot II M32 Antsakaviro<\/span><br \/>\n<span style=\"font-size: 14pt;\">Antananarivo 101<\/span><br \/>\n<span style=\"font-size: 14pt;\">&#8230;<\/span><\/td>\n<td style=\"width: 33.3333%;\"><span style=\"font-size: 14pt;\"><strong>Antananarivo<\/strong><\/span><br \/>\n<span style=\"font-size: 14pt;\">Pr\u00e9-Noviciat Sagesse<\/span><br \/>\n<span style=\"font-size: 14pt;\">Lot VS 62 E Ter<\/span><br \/>\n<span style=\"font-size: 14pt;\">Ambolokandrina<\/span><br \/>\n<span style=\"font-size: 14pt;\">Antananarivo 101<\/span><br \/>\n<span style=\"font-size: 14pt;\">&#8230;<\/span><\/td>\n<td style=\"width: 33.3333%;\"><span style=\"font-size: 14pt;\"><strong>Antananarivo<\/strong><\/span><br \/>\nCt\u00e9 B\u00e9thanie &#8211; Village Aina<br \/>\nLot II M32 &#8211; Antsakarivo<br \/>\nAntananarivo 101<br \/>\n&#8230;<\/td>\n<\/tr>\n<tr>\n<td style=\"width: 33.3333%;\"><span style=\"font-size: 14pt;\"><strong>Antsirabe<\/strong><\/span><br \/>\n<span style=\"font-size: 14pt;\">Notre Dame de la Sagesse<\/span><br \/>\n<span style=\"font-size: 14pt;\">B.P. 119 &#8211; Antsahamanambina<\/span><br \/>\n<span style=\"font-size: 14pt;\">110 &#8211; Antsirabe<\/span><br \/>\n<span style=\"font-size: 14pt;\">&#8230;<\/span><\/td>\n<td style=\"width: 33.3333%;\"><span style=\"font-size: 14pt;\"><strong>Fandriana<\/strong><\/span><br \/>\n<span style=\"font-size: 14pt;\">Fahendrena<\/span><br \/>\n<span style=\"font-size: 14pt;\">Communaut\u00e9 Fahendrena<\/span><br \/>\n<span style=\"font-size: 14pt;\">B.P 24<\/span><br \/>\n<span style=\"font-size: 14pt;\">Fandriana 308<\/span><br \/>\n<span style=\"font-size: 14pt;\">&#8230;<\/span><\/td>\n<td style=\"width: 33.3333%;\"><span style=\"font-size: 14pt;\"><strong>Fandriana<\/strong><\/span><br \/>\n<span style=\"font-size: 14pt;\">Mahazoarivo<\/span><br \/>\n<span style=\"font-size: 14pt;\">Filles de la Sagesse<\/span><br \/>\n<span style=\"font-size: 14pt;\">Mahazoarivo \/ Fisakana<\/span><br \/>\n<span style=\"font-size: 14pt;\">B.P 24<\/span><br \/>\n<span style=\"font-size: 14pt;\">Fandriana 308<\/span><br \/>\n<span style=\"font-size: 14pt;\">&#8230;<\/span><\/td>\n<\/tr>\n<tr>\n<td style=\"width: 33.3333%;\"><span style=\"font-size: 14pt;\"><strong>Mahanoro<\/strong><\/span><br \/>\n<span style=\"font-size: 14pt;\">Filles de la Sagesse<\/span><br \/>\n<span style=\"font-size: 14pt;\">B.P 24<\/span><br \/>\n<span style=\"font-size: 14pt;\">Mahanoro 510<\/span><br \/>\n<span style=\"font-size: 14pt;\">&#8230;<\/span><\/td>\n<td style=\"width: 33.3333%;\"><span style=\"font-size: 14pt;\"><strong>Marotsiriry<\/strong><\/span><br \/>\n<span style=\"font-size: 14pt;\">Filles de la Sagesse<\/span><br \/>\n<span style=\"font-size: 14pt;\">B.P 24<\/span><br \/>\n<span style=\"font-size: 14pt;\">Mahanoro 510<\/span><br \/>\n<span style=\"font-size: 14pt;\">&#8230;<\/span><\/td>\n<td style=\"width: 33.3333%;\"><span style=\"font-size: 14pt;\"><strong>Manalalondo<\/strong><\/span><br \/>\n<span style=\"font-size: 14pt;\">ECAR Filles de la Sagesse<\/span><br \/>\n<span style=\"font-size: 14pt;\">Manalalondo<\/span><br \/>\n<span style=\"font-size: 14pt;\">112-Arivonimamo<\/span><br \/>\n<span style=\"font-size: 14pt;\">Antananarivo<\/span><br \/>\n<span style=\"font-size: 14pt;\">&#8230;<\/span><\/td>\n<\/tr>\n<tr>\n<td style=\"width: 33.3333%;\"><span style=\"font-size: 14pt;\"><strong>Morondava<\/strong><\/span><br \/>\n<span style=\"font-size: 14pt;\">Filles de la Sagesse<\/span><br \/>\n<span style=\"font-size: 14pt;\">B.P 132<\/span><br \/>\n<span style=\"font-size: 14pt;\">Morondava &#8211; 619<\/span><br \/>\n<span style=\"font-size: 14pt;\">&#8230;<\/span><\/td>\n<td style=\"width: 33.3333%;\"><span style=\"font-size: 14pt;\"><strong>Tamatave<\/strong><\/span><br \/>\n<span style=\"font-size: 14pt;\">Antsiramandroso<\/span><br \/>\n<span style=\"font-size: 14pt;\">Centre Familial Rural et Dispensaire<\/span><br \/>\n<span style=\"font-size: 14pt;\">Antsiramandroso<\/span><br \/>\n<span style=\"font-size: 14pt;\">B.P 98 <\/span><br \/>\n<span style=\"font-size: 14pt;\">Tamatave 501<\/span><br \/>\n<span style=\"font-size: 14pt;\">&#8230;<\/span><\/td>\n<td style=\"width: 33.3333%;\"><span style=\"font-size: 14pt;\"><strong>Tamatave<\/strong><\/span><br \/>\n<span style=\"font-size: 14pt;\">Brickaville <\/span><br \/>\n<span style=\"font-size: 14pt;\">\u00c9cole Saint Jean<\/span><br \/>\n<span style=\"font-size: 14pt;\">B.P 31<\/span><br \/>\n<span style=\"font-size: 14pt;\">Brickaville 508<\/span><br \/>\n<span style=\"font-size: 14pt;\">&#8230;<\/span><\/td>\n<\/tr>\n<tr>\n<td style=\"width: 33.3333%;\"><span style=\"font-size: 14pt;\"><strong>Tamatave<\/strong><\/span><br \/>\n<span style=\"font-size: 14pt;\">C.C.S.F + Ampanalana<\/span><br \/>\n<span style=\"font-size: 14pt;\">Tanamakoa<\/span><br \/>\n<span style=\"font-size: 14pt;\">Centre Culturel et Social F\u00e9minin<\/span><br \/>\n<span style=\"font-size: 14pt;\">B.P 271<\/span><br \/>\n<span style=\"font-size: 14pt;\">Tamatave 501<\/span><br \/>\n<span style=\"font-size: 14pt;\">&#8230;<\/span><\/td>\n<td style=\"width: 33.3333%;\"><span style=\"font-size: 14pt;\"><strong>Tamatave<\/strong><\/span><br \/>\n<span style=\"font-size: 14pt;\">Salazamay<\/span><br \/>\n<span style=\"font-size: 14pt;\">Filles de la Sagesse<\/span><br \/>\n<span style=\"font-size: 14pt;\">Salazamay<\/span><br \/>\n<span style=\"font-size: 14pt;\">B.P 391<\/span><br \/>\n<span style=\"font-size: 14pt;\">Tamatave 501<\/span><br \/>\n&#8230;<\/td>\n<td style=\"width: 33.3333%;\"><span style=\"font-size: 14pt;\"><strong>Vatomandry<\/strong><\/span><br \/>\n<span style=\"font-size: 14pt;\">Filles de la Sagesse<\/span><br \/>\n<span style=\"font-size: 14pt;\">B.P 6<\/span><br \/>\n<span style=\"font-size: 14pt;\">Vatomandry<\/span><br \/>\n&#8230;<\/td>\n<\/tr>\n<\/tbody>\n<\/table>\n<p>&nbsp;<\/p>\n<p>&#8230;<\/p>\n","protected":false},"excerpt":{"rendered":"<p>Photo : S\u0153urs Marthe Val\u00e9rine,Th\u00e9r\u00e8se, Symphorose,Clarisse Marie, Marie Vivonne 96 Sisters in 20 communities Maison Provinciale Filles de la Sagesse Lot II M 32 &#8211; Antsakaviro Antananarivo 101 Madagascar &#8230; Ambinanindrano Filles de la Sagesse ECAR Ambinanindrano B.P. 24 Mahanoro &#8230; Ambohimanamora Notre Dame de l&#8217;Assomption FKT Antanetibe &#8211; Andranomanelatra Antsirabe II Antananarivo &#8230; Ampanalana [&hellip;]<\/p>\n","protected":false},"author":1,"featured_media":0,"parent":1158,"menu_order":0,"comment_status":"closed","ping_status":"closed","template":"","meta":{"_acf_changed":false,"_exactmetrics_skip_tracking":false,"_exactmetrics_sitenote_active":false,"_exactmetrics_sitenote_note":"","_exactmetrics_sitenote_category":0,"footnotes":""},"class_list":["post-1221","page","type-page","status-publish","hentry"],"acf":[],"yoast_head":"<!-- This site is optimized with the Yoast SEO plugin v26.5 - https:\/\/yoast.com\/wordpress\/plugins\/seo\/ -->\n<title>Madagascar - Congr\u00e9gation des Filles de la Sagesse<\/title>\n<meta name=\"robots\" content=\"index, follow, max-snippet:-1, max-image-preview:large, max-video-preview:-1\" \/>\n<link rel=\"canonical\" href=\"https:\/\/www.fdlsagesse.org\/en\/about-the-daughters-of-wisdom\/nos-entites\/madagascar\/\" \/>\n<meta property=\"og:locale\" content=\"en_US\" \/>\n<meta property=\"og:type\" content=\"article\" \/>\n<meta property=\"og:title\" content=\"Madagascar - Congr\u00e9gation des Filles de la Sagesse\" \/>\n<meta property=\"og:description\" content=\"Photo : S\u0153urs Marthe Val\u00e9rine,Th\u00e9r\u00e8se, Symphorose,Clarisse Marie, Marie Vivonne 96 Sisters in 20 communities Maison Provinciale Filles de la Sagesse Lot II M 32 &#8211; Antsakaviro Antananarivo 101 Madagascar &#8230; Ambinanindrano Filles de la Sagesse ECAR Ambinanindrano B.P. 24 Mahanoro &#8230; Ambohimanamora Notre Dame de l&#8217;Assomption FKT Antanetibe &#8211; Andranomanelatra Antsirabe II Antananarivo &#8230; Ampanalana [&hellip;]\" \/>\n<meta property=\"og:url\" content=\"https:\/\/www.fdlsagesse.org\/en\/about-the-daughters-of-wisdom\/nos-entites\/madagascar\/\" \/>\n<meta property=\"og:site_name\" content=\"Congr\u00e9gation des Filles de la Sagesse\" \/>\n<meta property=\"article:modified_time\" content=\"2021-03-24T10:48:19+00:00\" \/>\n<meta name=\"twitter:card\" content=\"summary_large_image\" \/>\n<meta name=\"twitter:label1\" content=\"Est. reading time\" \/>\n\t<meta name=\"twitter:data1\" content=\"2 minutes\" \/>\n<script type=\"application\/ld+json\" class=\"yoast-schema-graph\">{\"@context\":\"https:\/\/schema.org\",\"@graph\":[{\"@type\":\"WebPage\",\"@id\":\"https:\/\/www.fdlsagesse.org\/en\/about-the-daughters-of-wisdom\/nos-entites\/madagascar\/\",\"url\":\"https:\/\/www.fdlsagesse.org\/en\/about-the-daughters-of-wisdom\/nos-entites\/madagascar\/\",\"name\":\"Madagascar - Congr\u00e9gation des Filles de la Sagesse\",\"isPartOf\":{\"@id\":\"https:\/\/www.fdlsagesse.org\/#website\"},\"datePublished\":\"2018-11-22T10:41:01+00:00\",\"dateModified\":\"2021-03-24T10:48:19+00:00\",\"breadcrumb\":{\"@id\":\"https:\/\/www.fdlsagesse.org\/en\/about-the-daughters-of-wisdom\/nos-entites\/madagascar\/#breadcrumb\"},\"inLanguage\":\"en-US\",\"potentialAction\":[{\"@type\":\"ReadAction\",\"target\":[\"https:\/\/www.fdlsagesse.org\/en\/about-the-daughters-of-wisdom\/nos-entites\/madagascar\/\"]}]},{\"@type\":\"BreadcrumbList\",\"@id\":\"https:\/\/www.fdlsagesse.org\/en\/about-the-daughters-of-wisdom\/nos-entites\/madagascar\/#breadcrumb\",\"itemListElement\":[{\"@type\":\"ListItem\",\"position\":1,\"name\":\"Accueil\",\"item\":\"https:\/\/www.fdlsagesse.org\/en\/\"},{\"@type\":\"ListItem\",\"position\":2,\"name\":\"About the Daughters of Wisdom\",\"item\":\"https:\/\/www.fdlsagesse.org\/en\/about-the-daughters-of-wisdom\/\"},{\"@type\":\"ListItem\",\"position\":3,\"name\":\"Our Entities\",\"item\":\"https:\/\/www.fdlsagesse.org\/en\/about-the-daughters-of-wisdom\/nos-entites\/\"},{\"@type\":\"ListItem\",\"position\":4,\"name\":\"Madagascar\"}]},{\"@type\":\"WebSite\",\"@id\":\"https:\/\/www.fdlsagesse.org\/#website\",\"url\":\"https:\/\/www.fdlsagesse.org\/\",\"name\":\"Congr\u00e9gation des Filles de la Sagesse\",\"description\":\"Un site utilisant WordPress\",\"potentialAction\":[{\"@type\":\"SearchAction\",\"target\":{\"@type\":\"EntryPoint\",\"urlTemplate\":\"https:\/\/www.fdlsagesse.org\/?s={search_term_string}\"},\"query-input\":{\"@type\":\"PropertyValueSpecification\",\"valueRequired\":true,\"valueName\":\"search_term_string\"}}],\"inLanguage\":\"en-US\"}]}<\/script>\n<!-- \/ Yoast SEO plugin. -->","yoast_head_json":{"title":"Madagascar - Congr\u00e9gation des Filles de la Sagesse","robots":{"index":"index","follow":"follow","max-snippet":"max-snippet:-1","max-image-preview":"max-image-preview:large","max-video-preview":"max-video-preview:-1"},"canonical":"https:\/\/www.fdlsagesse.org\/en\/about-the-daughters-of-wisdom\/nos-entites\/madagascar\/","og_locale":"en_US","og_type":"article","og_title":"Madagascar - Congr\u00e9gation des Filles de la Sagesse","og_description":"Photo : S\u0153urs Marthe Val\u00e9rine,Th\u00e9r\u00e8se, Symphorose,Clarisse Marie, Marie Vivonne 96 Sisters in 20 communities Maison Provinciale Filles de la Sagesse Lot II M 32 &#8211; Antsakaviro Antananarivo 101 Madagascar &#8230; Ambinanindrano Filles de la Sagesse ECAR Ambinanindrano B.P. 24 Mahanoro &#8230; Ambohimanamora Notre Dame de l&#8217;Assomption FKT Antanetibe &#8211; Andranomanelatra Antsirabe II Antananarivo &#8230; Ampanalana [&hellip;]","og_url":"https:\/\/www.fdlsagesse.org\/en\/about-the-daughters-of-wisdom\/nos-entites\/madagascar\/","og_site_name":"Congr\u00e9gation des Filles de la Sagesse","article_modified_time":"2021-03-24T10:48:19+00:00","twitter_card":"summary_large_image","twitter_misc":{"Est. reading time":"2 minutes"},"schema":{"@context":"https:\/\/schema.org","@graph":[{"@type":"WebPage","@id":"https:\/\/www.fdlsagesse.org\/en\/about-the-daughters-of-wisdom\/nos-entites\/madagascar\/","url":"https:\/\/www.fdlsagesse.org\/en\/about-the-daughters-of-wisdom\/nos-entites\/madagascar\/","name":"Madagascar - Congr\u00e9gation des Filles de la Sagesse","isPartOf":{"@id":"https:\/\/www.fdlsagesse.org\/#website"},"datePublished":"2018-11-22T10:41:01+00:00","dateModified":"2021-03-24T10:48:19+00:00","breadcrumb":{"@id":"https:\/\/www.fdlsagesse.org\/en\/about-the-daughters-of-wisdom\/nos-entites\/madagascar\/#breadcrumb"},"inLanguage":"en-US","potentialAction":[{"@type":"ReadAction","target":["https:\/\/www.fdlsagesse.org\/en\/about-the-daughters-of-wisdom\/nos-entites\/madagascar\/"]}]},{"@type":"BreadcrumbList","@id":"https:\/\/www.fdlsagesse.org\/en\/about-the-daughters-of-wisdom\/nos-entites\/madagascar\/#breadcrumb","itemListElement":[{"@type":"ListItem","position":1,"name":"Accueil","item":"https:\/\/www.fdlsagesse.org\/en\/"},{"@type":"ListItem","position":2,"name":"About the Daughters of Wisdom","item":"https:\/\/www.fdlsagesse.org\/en\/about-the-daughters-of-wisdom\/"},{"@type":"ListItem","position":3,"name":"Our Entities","item":"https:\/\/www.fdlsagesse.org\/en\/about-the-daughters-of-wisdom\/nos-entites\/"},{"@type":"ListItem","position":4,"name":"Madagascar"}]},{"@type":"WebSite","@id":"https:\/\/www.fdlsagesse.org\/#website","url":"https:\/\/www.fdlsagesse.org\/","name":"Congr\u00e9gation des Filles de la Sagesse","description":"Un site utilisant WordPress","potentialAction":[{"@type":"SearchAction","target":{"@type":"EntryPoint","urlTemplate":"https:\/\/www.fdlsagesse.org\/?s={search_term_string}"},"query-input":{"@type":"PropertyValueSpecification","valueRequired":true,"valueName":"search_term_string"}}],"inLanguage":"en-US"}]}},"_links":{"self":[{"href":"https:\/\/www.fdlsagesse.org\/en\/wp-json\/wp\/v2\/pages\/1221","targetHints":{"allow":["GET"]}}],"collection":[{"href":"https:\/\/www.fdlsagesse.org\/en\/wp-json\/wp\/v2\/pages"}],"about":[{"href":"https:\/\/www.fdlsagesse.org\/en\/wp-json\/wp\/v2\/types\/page"}],"author":[{"embeddable":true,"href":"https:\/\/www.fdlsagesse.org\/en\/wp-json\/wp\/v2\/users\/1"}],"replies":[{"embeddable":true,"href":"https:\/\/www.fdlsagesse.org\/en\/wp-json\/wp\/v2\/comments?post=1221"}],"version-history":[{"count":0,"href":"https:\/\/www.fdlsagesse.org\/en\/wp-json\/wp\/v2\/pages\/1221\/revisions"}],"up":[{"embeddable":true,"href":"https:\/\/www.fdlsagesse.org\/en\/wp-json\/wp\/v2\/pages\/1158"}],"wp:attachment":[{"href":"https:\/\/www.fdlsagesse.org\/en\/wp-json\/wp\/v2\/media?parent=1221"}],"curies":[{"name":"wp","href":"https:\/\/api.w.org\/{rel}","templated":true}]}}