{"id":1228,"date":"2018-11-30T12:53:25","date_gmt":"2018-11-30T11:53:25","guid":{"rendered":"https:\/\/www.fdlsagesse.org\/about-the-daughters-of-wisdom\/nos-entites\/maria-luisa\/"},"modified":"2021-03-24T13:40:48","modified_gmt":"2021-03-24T12:40:48","slug":"maria-luisa","status":"publish","type":"page","link":"https:\/\/www.fdlsagesse.org\/en\/about-the-daughters-of-wisdom\/nos-entites\/maria-luisa\/","title":{"rendered":"Delegation Maria Luisa"},"content":{"rendered":"<p>Photo :\u00a0 Silvia, Elvira,\u00a0 Nanci<\/p>\n<p><a href=\"https:\/\/lasabiduriasaleatuencuentro.blogspot.com\/\" target=\"_blank\" rel=\"noopener noreferrer\">Blog de la Congregaci\u00f3n Hijas de la Sabidur\u00eda Delegaci\u00f3n Mar\u00eda Luisa (Argentina-Ecuador-Per\u00fa)<\/a><\/p>\n<p>24 Sisters in 6 communities<\/p>\n<table style=\"height: 804px;\" width=\"1263\">\n<tbody>\n<tr>\n<td style=\"width: 431.7px;\"><span style=\"font-size: 14pt;\"><strong>P\u00e9rou<br \/>\n<\/strong>Huanuco<strong><br \/>\n<\/strong>Hijas de la Sabidur\u00eda<\/span><br \/>\n<span style=\"font-size: 14pt;\">Jr. Pastaza &#8220;T&#8221; lote 2 : Sector 3<\/span><br \/>\n<span style=\"font-size: 14pt;\">San luis Amarilis. Apartado 210<strong><br \/>\n<\/strong>Huanuco<strong><br \/>\n&#8230;<\/strong><\/span><\/td>\n<td style=\"width: 438.7px;\"><span style=\"font-size: 14pt;\"><strong><br \/>\nComunidad Acogida<br \/>\n<\/strong>Hijas de la Sabidur\u00eda<\/span><br \/>\n<span style=\"font-size: 14pt;\">Avenida Mari\u00e1tegui, N.267<\/span><br \/>\n<span style=\"font-size: 14pt;\">Jes\u00fas Mar\u00eda<\/span><br \/>\n<span style=\"font-size: 14pt;\">Lima 11<strong><br \/>\n&#8230;<\/strong><\/span><\/td>\n<td style=\"width: 370.6px;\"><span style=\"font-size: 14pt;\"><strong>\u00d1a\u00f1a<br \/>\n<\/strong><strong><br \/>\n<\/strong>Comunidad de \u00d1a\u00f1a<\/span><br \/>\n<span style=\"font-size: 14pt;\">Avenida Mari\u00e1tegui, N.267<\/span><br \/>\n<span style=\"font-size: 14pt;\">Jes\u00fas Mar\u00eda<\/span><br \/>\n<span style=\"font-size: 14pt;\">Hijas de la Sabidur\u00eda<\/span><br \/>\n<span style=\"font-size: 14pt;\">Lima 11<strong><br \/>\n&#8230;<\/strong><\/span><\/td>\n<\/tr>\n<tr>\n<td style=\"width: 431.7px;\"><span style=\"font-size: 14pt;\"><strong>Tingo Mar\u00eda<br \/>\n<\/strong>Hijas de la Sabidur\u00eda<strong><br \/>\n<\/strong>Avenida Mari\u00e1tegui, 708<strong><br \/>\n<\/strong>Distrito Castillo Grande<\/span><br \/>\n<span style=\"font-size: 14pt;\">Tingo Mar\u00eda<\/span><br \/>\n<span style=\"font-size: 14pt;\">&#8230;<\/span><br \/>\n<span style=\"font-size: 14pt;\">Direcci\u00f3n Postal<\/span><br \/>\n<span style=\"font-size: 14pt;\">Hijas de la Sabidur\u00eda<\/span><br \/>\n<span style=\"font-size: 14pt;\">Correo Tingo Mar\u00eda<strong><br \/>\n&#8230;<\/strong><\/span><\/td>\n<td style=\"width: 438.7px;\"><span style=\"font-size: 14pt;\"><strong>Equateur<br \/>\n<\/strong><strong><br \/>\n<\/strong>Hijas de la Sabidur\u00eda<\/span><br \/>\n<span style=\"font-size: 14pt;\">Calle punta Arenas Oe7-24<\/span><br \/>\n<span style=\"font-size: 14pt;\">Y Juan Camacaro<\/span><br \/>\n<span style=\"font-size: 14pt;\">La Santiago<\/span><br \/>\n<span style=\"font-size: 14pt;\">Quito<strong><br \/>\n&#8230;<\/strong><\/span><\/td>\n<td style=\"width: 370.6px;\"><span style=\"font-size: 14pt;\"><strong>Argentine<br \/>\n<\/strong><\/span><br \/>\n<span style=\"font-size: 14pt;\"><strong>Buenos Aires<\/strong><\/span><br \/>\n<span style=\"font-size: 14pt;\">Banfield<\/span><br \/>\n<span style=\"font-size: 14pt;\">Hijas de la Sabidur\u00eda<\/span><br \/>\n<span style=\"font-size: 14pt;\">Ginebra 668<\/span><br \/>\n<span style=\"font-size: 14pt;\">1828 Banfield Oeste<\/span><br \/>\n<span style=\"font-size: 14pt;\">Buenos Aires<\/span><br \/>\n<span style=\"font-size: 14pt;\">&#8230;<\/span><\/td>\n<\/tr>\n<\/tbody>\n<\/table>\n<p>&#8230;<\/p>\n","protected":false},"excerpt":{"rendered":"<p>Photo :\u00a0 Silvia, Elvira,\u00a0 Nanci Blog de la Congregaci\u00f3n Hijas de la Sabidur\u00eda Delegaci\u00f3n Mar\u00eda Luisa (Argentina-Ecuador-Per\u00fa) 24 Sisters in 6 communities P\u00e9rou Huanuco Hijas de la Sabidur\u00eda Jr. Pastaza &#8220;T&#8221; lote 2 : Sector 3 San luis Amarilis. Apartado 210 Huanuco &#8230; Comunidad Acogida Hijas de la Sabidur\u00eda Avenida Mari\u00e1tegui, N.267 Jes\u00fas Mar\u00eda Lima [&hellip;]<\/p>\n","protected":false},"author":1,"featured_media":0,"parent":1158,"menu_order":0,"comment_status":"closed","ping_status":"closed","template":"","meta":{"_acf_changed":false,"_exactmetrics_skip_tracking":false,"_exactmetrics_sitenote_active":false,"_exactmetrics_sitenote_note":"","_exactmetrics_sitenote_category":0,"footnotes":""},"class_list":["post-1228","page","type-page","status-publish","hentry"],"acf":[],"yoast_head":"<!-- This site is optimized with the Yoast SEO plugin v26.5 - https:\/\/yoast.com\/wordpress\/plugins\/seo\/ -->\n<title>Delegation Maria Luisa - Congr\u00e9gation des Filles de la Sagesse<\/title>\n<meta name=\"robots\" content=\"index, follow, max-snippet:-1, max-image-preview:large, max-video-preview:-1\" \/>\n<link rel=\"canonical\" href=\"https:\/\/www.fdlsagesse.org\/en\/about-the-daughters-of-wisdom\/nos-entites\/maria-luisa\/\" \/>\n<meta property=\"og:locale\" content=\"en_US\" \/>\n<meta property=\"og:type\" content=\"article\" \/>\n<meta property=\"og:title\" content=\"Delegation Maria Luisa - Congr\u00e9gation des Filles de la Sagesse\" \/>\n<meta property=\"og:description\" content=\"Photo :\u00a0 Silvia, Elvira,\u00a0 Nanci Blog de la Congregaci\u00f3n Hijas de la Sabidur\u00eda Delegaci\u00f3n Mar\u00eda Luisa (Argentina-Ecuador-Per\u00fa) 24 Sisters in 6 communities P\u00e9rou Huanuco Hijas de la Sabidur\u00eda Jr. Pastaza &#8220;T&#8221; lote 2 : Sector 3 San luis Amarilis. Apartado 210 Huanuco &#8230; Comunidad Acogida Hijas de la Sabidur\u00eda Avenida Mari\u00e1tegui, N.267 Jes\u00fas Mar\u00eda Lima [&hellip;]\" \/>\n<meta property=\"og:url\" content=\"https:\/\/www.fdlsagesse.org\/en\/about-the-daughters-of-wisdom\/nos-entites\/maria-luisa\/\" \/>\n<meta property=\"og:site_name\" content=\"Congr\u00e9gation des Filles de la Sagesse\" \/>\n<meta property=\"article:modified_time\" content=\"2021-03-24T12:40:48+00:00\" \/>\n<meta name=\"twitter:card\" content=\"summary_large_image\" \/>\n<meta name=\"twitter:label1\" content=\"Est. reading time\" \/>\n\t<meta name=\"twitter:data1\" content=\"1 minute\" \/>\n<script type=\"application\/ld+json\" class=\"yoast-schema-graph\">{\"@context\":\"https:\/\/schema.org\",\"@graph\":[{\"@type\":\"WebPage\",\"@id\":\"https:\/\/www.fdlsagesse.org\/en\/about-the-daughters-of-wisdom\/nos-entites\/maria-luisa\/\",\"url\":\"https:\/\/www.fdlsagesse.org\/en\/about-the-daughters-of-wisdom\/nos-entites\/maria-luisa\/\",\"name\":\"Delegation Maria Luisa - Congr\u00e9gation des Filles de la Sagesse\",\"isPartOf\":{\"@id\":\"https:\/\/www.fdlsagesse.org\/#website\"},\"datePublished\":\"2018-11-30T11:53:25+00:00\",\"dateModified\":\"2021-03-24T12:40:48+00:00\",\"breadcrumb\":{\"@id\":\"https:\/\/www.fdlsagesse.org\/en\/about-the-daughters-of-wisdom\/nos-entites\/maria-luisa\/#breadcrumb\"},\"inLanguage\":\"en-US\",\"potentialAction\":[{\"@type\":\"ReadAction\",\"target\":[\"https:\/\/www.fdlsagesse.org\/en\/about-the-daughters-of-wisdom\/nos-entites\/maria-luisa\/\"]}]},{\"@type\":\"BreadcrumbList\",\"@id\":\"https:\/\/www.fdlsagesse.org\/en\/about-the-daughters-of-wisdom\/nos-entites\/maria-luisa\/#breadcrumb\",\"itemListElement\":[{\"@type\":\"ListItem\",\"position\":1,\"name\":\"Accueil\",\"item\":\"https:\/\/www.fdlsagesse.org\/en\/\"},{\"@type\":\"ListItem\",\"position\":2,\"name\":\"About the Daughters of Wisdom\",\"item\":\"https:\/\/www.fdlsagesse.org\/en\/about-the-daughters-of-wisdom\/\"},{\"@type\":\"ListItem\",\"position\":3,\"name\":\"Our Entities\",\"item\":\"https:\/\/www.fdlsagesse.org\/en\/about-the-daughters-of-wisdom\/nos-entites\/\"},{\"@type\":\"ListItem\",\"position\":4,\"name\":\"Delegation Maria Luisa\"}]},{\"@type\":\"WebSite\",\"@id\":\"https:\/\/www.fdlsagesse.org\/#website\",\"url\":\"https:\/\/www.fdlsagesse.org\/\",\"name\":\"Congr\u00e9gation des Filles de la Sagesse\",\"description\":\"Un site utilisant WordPress\",\"potentialAction\":[{\"@type\":\"SearchAction\",\"target\":{\"@type\":\"EntryPoint\",\"urlTemplate\":\"https:\/\/www.fdlsagesse.org\/?s={search_term_string}\"},\"query-input\":{\"@type\":\"PropertyValueSpecification\",\"valueRequired\":true,\"valueName\":\"search_term_string\"}}],\"inLanguage\":\"en-US\"}]}<\/script>\n<!-- \/ Yoast SEO plugin. -->","yoast_head_json":{"title":"Delegation Maria Luisa - Congr\u00e9gation des Filles de la Sagesse","robots":{"index":"index","follow":"follow","max-snippet":"max-snippet:-1","max-image-preview":"max-image-preview:large","max-video-preview":"max-video-preview:-1"},"canonical":"https:\/\/www.fdlsagesse.org\/en\/about-the-daughters-of-wisdom\/nos-entites\/maria-luisa\/","og_locale":"en_US","og_type":"article","og_title":"Delegation Maria Luisa - Congr\u00e9gation des Filles de la Sagesse","og_description":"Photo :\u00a0 Silvia, Elvira,\u00a0 Nanci Blog de la Congregaci\u00f3n Hijas de la Sabidur\u00eda Delegaci\u00f3n Mar\u00eda Luisa (Argentina-Ecuador-Per\u00fa) 24 Sisters in 6 communities P\u00e9rou Huanuco Hijas de la Sabidur\u00eda Jr. Pastaza &#8220;T&#8221; lote 2 : Sector 3 San luis Amarilis. Apartado 210 Huanuco &#8230; Comunidad Acogida Hijas de la Sabidur\u00eda Avenida Mari\u00e1tegui, N.267 Jes\u00fas Mar\u00eda Lima [&hellip;]","og_url":"https:\/\/www.fdlsagesse.org\/en\/about-the-daughters-of-wisdom\/nos-entites\/maria-luisa\/","og_site_name":"Congr\u00e9gation des Filles de la Sagesse","article_modified_time":"2021-03-24T12:40:48+00:00","twitter_card":"summary_large_image","twitter_misc":{"Est. reading time":"1 minute"},"schema":{"@context":"https:\/\/schema.org","@graph":[{"@type":"WebPage","@id":"https:\/\/www.fdlsagesse.org\/en\/about-the-daughters-of-wisdom\/nos-entites\/maria-luisa\/","url":"https:\/\/www.fdlsagesse.org\/en\/about-the-daughters-of-wisdom\/nos-entites\/maria-luisa\/","name":"Delegation Maria Luisa - Congr\u00e9gation des Filles de la Sagesse","isPartOf":{"@id":"https:\/\/www.fdlsagesse.org\/#website"},"datePublished":"2018-11-30T11:53:25+00:00","dateModified":"2021-03-24T12:40:48+00:00","breadcrumb":{"@id":"https:\/\/www.fdlsagesse.org\/en\/about-the-daughters-of-wisdom\/nos-entites\/maria-luisa\/#breadcrumb"},"inLanguage":"en-US","potentialAction":[{"@type":"ReadAction","target":["https:\/\/www.fdlsagesse.org\/en\/about-the-daughters-of-wisdom\/nos-entites\/maria-luisa\/"]}]},{"@type":"BreadcrumbList","@id":"https:\/\/www.fdlsagesse.org\/en\/about-the-daughters-of-wisdom\/nos-entites\/maria-luisa\/#breadcrumb","itemListElement":[{"@type":"ListItem","position":1,"name":"Accueil","item":"https:\/\/www.fdlsagesse.org\/en\/"},{"@type":"ListItem","position":2,"name":"About the Daughters of Wisdom","item":"https:\/\/www.fdlsagesse.org\/en\/about-the-daughters-of-wisdom\/"},{"@type":"ListItem","position":3,"name":"Our Entities","item":"https:\/\/www.fdlsagesse.org\/en\/about-the-daughters-of-wisdom\/nos-entites\/"},{"@type":"ListItem","position":4,"name":"Delegation Maria Luisa"}]},{"@type":"WebSite","@id":"https:\/\/www.fdlsagesse.org\/#website","url":"https:\/\/www.fdlsagesse.org\/","name":"Congr\u00e9gation des Filles de la Sagesse","description":"Un site utilisant WordPress","potentialAction":[{"@type":"SearchAction","target":{"@type":"EntryPoint","urlTemplate":"https:\/\/www.fdlsagesse.org\/?s={search_term_string}"},"query-input":{"@type":"PropertyValueSpecification","valueRequired":true,"valueName":"search_term_string"}}],"inLanguage":"en-US"}]}},"_links":{"self":[{"href":"https:\/\/www.fdlsagesse.org\/en\/wp-json\/wp\/v2\/pages\/1228","targetHints":{"allow":["GET"]}}],"collection":[{"href":"https:\/\/www.fdlsagesse.org\/en\/wp-json\/wp\/v2\/pages"}],"about":[{"href":"https:\/\/www.fdlsagesse.org\/en\/wp-json\/wp\/v2\/types\/page"}],"author":[{"embeddable":true,"href":"https:\/\/www.fdlsagesse.org\/en\/wp-json\/wp\/v2\/users\/1"}],"replies":[{"embeddable":true,"href":"https:\/\/www.fdlsagesse.org\/en\/wp-json\/wp\/v2\/comments?post=1228"}],"version-history":[{"count":0,"href":"https:\/\/www.fdlsagesse.org\/en\/wp-json\/wp\/v2\/pages\/1228\/revisions"}],"up":[{"embeddable":true,"href":"https:\/\/www.fdlsagesse.org\/en\/wp-json\/wp\/v2\/pages\/1158"}],"wp:attachment":[{"href":"https:\/\/www.fdlsagesse.org\/en\/wp-json\/wp\/v2\/media?parent=1228"}],"curies":[{"name":"wp","href":"https:\/\/api.w.org\/{rel}","templated":true}]}}