{"id":1239,"date":"2018-12-11T11:29:48","date_gmt":"2018-12-11T10:29:48","guid":{"rendered":"https:\/\/www.fdlsagesse.org\/about-the-daughters-of-wisdom\/nos-entites\/rdc-r-c-du-congo\/"},"modified":"2021-03-24T13:46:50","modified_gmt":"2021-03-24T12:46:50","slug":"rdc-r-c-du-congo","status":"publish","type":"page","link":"https:\/\/www.fdlsagesse.org\/en\/about-the-daughters-of-wisdom\/nos-entites\/rdc-r-c-du-congo\/","title":{"rendered":"Delegation RDC &#8211; R.D of Congo"},"content":{"rendered":"<p>Sisters : Val\u00e9rie, Marie-Th\u00e9r\u00e8se, Virginie, Zoly<\/p>\n<p>26<span class=\"tlid-translation translation\"><span class=\"\" title=\"\">\u00a0Sisters in 6 communities<\/span><\/span><\/p>\n<table style=\"width: 100%; border-collapse: collapse;\">\n<tbody>\n<tr>\n<td style=\"width: 33.3333%;\"><span style=\"font-size: 14pt;\"><strong>Maison La Providence Sagesse<\/strong><\/span><br \/>\n<span style=\"font-size: 14pt;\">5 \u00e9me Avenue Quartier<\/span><br \/>\n<span style=\"font-size: 14pt;\">Plateau Boyoma<\/span><br \/>\n<span style=\"font-size: 14pt;\">N\u00b03, Makiso<\/span><br \/>\n<span style=\"font-size: 14pt;\">Kisangani<\/span><br \/>\n<span style=\"font-size: 14pt;\">R.C. du Congo<\/span><br \/>\n<span style=\"font-size: 14pt;\">&#8230;<\/span><\/td>\n<td style=\"width: 33.3333%;\"><span style=\"font-size: 14pt;\"><strong>Isangi<\/strong><\/span><br \/>\n<span style=\"font-size: 14pt;\">Notre dame de la Sagesse<\/span><br \/>\n<span style=\"font-size: 14pt;\">Mission Catholique B.P. 43<\/span><br \/>\n<span style=\"font-size: 14pt;\">Isangi par Kisangani<\/span><br \/>\n<span style=\"font-size: 14pt;\">&#8230;<\/span><\/td>\n<td style=\"width: 33.3333%;\"><span style=\"font-size: 14pt;\"><strong>Kisangani<\/strong><\/span><br \/>\n<span style=\"font-size: 14pt;\">Maison de Formation Aspirandat &#8220;J\u00e9sus Sagesse&#8221;<\/span><br \/>\n<span style=\"font-size: 14pt;\">10, avenue des \u00c9rables<\/span><br \/>\n<span style=\"font-size: 14pt;\">B.P. 505 Makiso<\/span><br \/>\n<span style=\"font-size: 14pt;\">Kisangani<\/span><br \/>\n<span style=\"font-size: 14pt;\">&#8230;<\/span><\/td>\n<\/tr>\n<tr>\n<td style=\"width: 33.3333%;\"><span style=\"font-size: 14pt;\"><strong>Kinshasa<\/strong><\/span><br \/>\n<span style=\"font-size: 14pt;\">Formation Pr\u00e9-Noviciat &#8220;Marie Louise&#8221;<\/span><br \/>\n<span style=\"font-size: 14pt;\">1\u00e8re Rue Limete<\/span><br \/>\n<span style=\"font-size: 14pt;\">Quartier Industriel N\u00b03<\/span><br \/>\n<span style=\"font-size: 14pt;\">Kinshasa<\/span><\/td>\n<td style=\"width: 33.3333%;\"><span style=\"font-size: 14pt;\"><strong>Lokutu<\/strong><\/span><br \/>\n<span style=\"font-size: 14pt;\">Communaut\u00e9 Montfort<\/span><br \/>\n<span style=\"font-size: 14pt;\">Mission catholique B.P. 43<\/span><br \/>\n<span style=\"font-size: 14pt;\">Isangi par Kisangani<\/span><\/td>\n<td style=\"width: 33.3333%;\"><span style=\"font-size: 14pt;\"><strong>Yanonge<\/strong><\/span><br \/>\n<span style=\"font-size: 14pt;\">Mission catholique<\/span><br \/>\n<span style=\"font-size: 14pt;\">Yanonge\/Fleuve<\/span><br \/>\n<span style=\"font-size: 14pt;\">Yanonge par Kisangani<\/span><\/td>\n<\/tr>\n<\/tbody>\n<\/table>\n<p>&#8230;<\/p>\n","protected":false},"excerpt":{"rendered":"<p>Sisters : Val\u00e9rie, Marie-Th\u00e9r\u00e8se, Virginie, Zoly 26\u00a0Sisters in 6 communities Maison La Providence Sagesse 5 \u00e9me Avenue Quartier Plateau Boyoma N\u00b03, Makiso Kisangani R.C. du Congo &#8230; Isangi Notre dame de la Sagesse Mission Catholique B.P. 43 Isangi par Kisangani &#8230; Kisangani Maison de Formation Aspirandat &#8220;J\u00e9sus Sagesse&#8221; 10, avenue des \u00c9rables B.P. 505 Makiso [&hellip;]<\/p>\n","protected":false},"author":1,"featured_media":0,"parent":1158,"menu_order":0,"comment_status":"closed","ping_status":"closed","template":"","meta":{"_acf_changed":false,"_exactmetrics_skip_tracking":false,"_exactmetrics_sitenote_active":false,"_exactmetrics_sitenote_note":"","_exactmetrics_sitenote_category":0,"footnotes":""},"class_list":["post-1239","page","type-page","status-publish","hentry"],"acf":[],"yoast_head":"<!-- This site is optimized with the Yoast SEO plugin v26.5 - https:\/\/yoast.com\/wordpress\/plugins\/seo\/ -->\n<title>Delegation RDC - R.D of Congo - Congr\u00e9gation des Filles de la Sagesse<\/title>\n<meta name=\"robots\" content=\"index, follow, max-snippet:-1, max-image-preview:large, max-video-preview:-1\" \/>\n<link rel=\"canonical\" href=\"https:\/\/www.fdlsagesse.org\/en\/about-the-daughters-of-wisdom\/nos-entites\/rdc-r-c-du-congo\/\" \/>\n<meta property=\"og:locale\" content=\"en_US\" \/>\n<meta property=\"og:type\" content=\"article\" \/>\n<meta property=\"og:title\" content=\"Delegation RDC - R.D of Congo - Congr\u00e9gation des Filles de la Sagesse\" \/>\n<meta property=\"og:description\" content=\"Sisters : Val\u00e9rie, Marie-Th\u00e9r\u00e8se, Virginie, Zoly 26\u00a0Sisters in 6 communities Maison La Providence Sagesse 5 \u00e9me Avenue Quartier Plateau Boyoma N\u00b03, Makiso Kisangani R.C. du Congo &#8230; Isangi Notre dame de la Sagesse Mission Catholique B.P. 43 Isangi par Kisangani &#8230; Kisangani Maison de Formation Aspirandat &#8220;J\u00e9sus Sagesse&#8221; 10, avenue des \u00c9rables B.P. 505 Makiso [&hellip;]\" \/>\n<meta property=\"og:url\" content=\"https:\/\/www.fdlsagesse.org\/en\/about-the-daughters-of-wisdom\/nos-entites\/rdc-r-c-du-congo\/\" \/>\n<meta property=\"og:site_name\" content=\"Congr\u00e9gation des Filles de la Sagesse\" \/>\n<meta property=\"article:modified_time\" content=\"2021-03-24T12:46:50+00:00\" \/>\n<meta name=\"twitter:card\" content=\"summary_large_image\" \/>\n<meta name=\"twitter:label1\" content=\"Est. reading time\" \/>\n\t<meta name=\"twitter:data1\" content=\"1 minute\" \/>\n<script type=\"application\/ld+json\" class=\"yoast-schema-graph\">{\"@context\":\"https:\/\/schema.org\",\"@graph\":[{\"@type\":\"WebPage\",\"@id\":\"https:\/\/www.fdlsagesse.org\/en\/about-the-daughters-of-wisdom\/nos-entites\/rdc-r-c-du-congo\/\",\"url\":\"https:\/\/www.fdlsagesse.org\/en\/about-the-daughters-of-wisdom\/nos-entites\/rdc-r-c-du-congo\/\",\"name\":\"Delegation RDC - R.D of Congo - Congr\u00e9gation des Filles de la Sagesse\",\"isPartOf\":{\"@id\":\"https:\/\/www.fdlsagesse.org\/#website\"},\"datePublished\":\"2018-12-11T10:29:48+00:00\",\"dateModified\":\"2021-03-24T12:46:50+00:00\",\"breadcrumb\":{\"@id\":\"https:\/\/www.fdlsagesse.org\/en\/about-the-daughters-of-wisdom\/nos-entites\/rdc-r-c-du-congo\/#breadcrumb\"},\"inLanguage\":\"en-US\",\"potentialAction\":[{\"@type\":\"ReadAction\",\"target\":[\"https:\/\/www.fdlsagesse.org\/en\/about-the-daughters-of-wisdom\/nos-entites\/rdc-r-c-du-congo\/\"]}]},{\"@type\":\"BreadcrumbList\",\"@id\":\"https:\/\/www.fdlsagesse.org\/en\/about-the-daughters-of-wisdom\/nos-entites\/rdc-r-c-du-congo\/#breadcrumb\",\"itemListElement\":[{\"@type\":\"ListItem\",\"position\":1,\"name\":\"Accueil\",\"item\":\"https:\/\/www.fdlsagesse.org\/en\/\"},{\"@type\":\"ListItem\",\"position\":2,\"name\":\"About the Daughters of Wisdom\",\"item\":\"https:\/\/www.fdlsagesse.org\/en\/about-the-daughters-of-wisdom\/\"},{\"@type\":\"ListItem\",\"position\":3,\"name\":\"Our Entities\",\"item\":\"https:\/\/www.fdlsagesse.org\/en\/about-the-daughters-of-wisdom\/nos-entites\/\"},{\"@type\":\"ListItem\",\"position\":4,\"name\":\"Delegation RDC &#8211; R.D of Congo\"}]},{\"@type\":\"WebSite\",\"@id\":\"https:\/\/www.fdlsagesse.org\/#website\",\"url\":\"https:\/\/www.fdlsagesse.org\/\",\"name\":\"Congr\u00e9gation des Filles de la Sagesse\",\"description\":\"Un site utilisant WordPress\",\"potentialAction\":[{\"@type\":\"SearchAction\",\"target\":{\"@type\":\"EntryPoint\",\"urlTemplate\":\"https:\/\/www.fdlsagesse.org\/?s={search_term_string}\"},\"query-input\":{\"@type\":\"PropertyValueSpecification\",\"valueRequired\":true,\"valueName\":\"search_term_string\"}}],\"inLanguage\":\"en-US\"}]}<\/script>\n<!-- \/ Yoast SEO plugin. -->","yoast_head_json":{"title":"Delegation RDC - R.D of Congo - Congr\u00e9gation des Filles de la Sagesse","robots":{"index":"index","follow":"follow","max-snippet":"max-snippet:-1","max-image-preview":"max-image-preview:large","max-video-preview":"max-video-preview:-1"},"canonical":"https:\/\/www.fdlsagesse.org\/en\/about-the-daughters-of-wisdom\/nos-entites\/rdc-r-c-du-congo\/","og_locale":"en_US","og_type":"article","og_title":"Delegation RDC - R.D of Congo - Congr\u00e9gation des Filles de la Sagesse","og_description":"Sisters : Val\u00e9rie, Marie-Th\u00e9r\u00e8se, Virginie, Zoly 26\u00a0Sisters in 6 communities Maison La Providence Sagesse 5 \u00e9me Avenue Quartier Plateau Boyoma N\u00b03, Makiso Kisangani R.C. du Congo &#8230; Isangi Notre dame de la Sagesse Mission Catholique B.P. 43 Isangi par Kisangani &#8230; Kisangani Maison de Formation Aspirandat &#8220;J\u00e9sus Sagesse&#8221; 10, avenue des \u00c9rables B.P. 505 Makiso [&hellip;]","og_url":"https:\/\/www.fdlsagesse.org\/en\/about-the-daughters-of-wisdom\/nos-entites\/rdc-r-c-du-congo\/","og_site_name":"Congr\u00e9gation des Filles de la Sagesse","article_modified_time":"2021-03-24T12:46:50+00:00","twitter_card":"summary_large_image","twitter_misc":{"Est. reading time":"1 minute"},"schema":{"@context":"https:\/\/schema.org","@graph":[{"@type":"WebPage","@id":"https:\/\/www.fdlsagesse.org\/en\/about-the-daughters-of-wisdom\/nos-entites\/rdc-r-c-du-congo\/","url":"https:\/\/www.fdlsagesse.org\/en\/about-the-daughters-of-wisdom\/nos-entites\/rdc-r-c-du-congo\/","name":"Delegation RDC - R.D of Congo - Congr\u00e9gation des Filles de la Sagesse","isPartOf":{"@id":"https:\/\/www.fdlsagesse.org\/#website"},"datePublished":"2018-12-11T10:29:48+00:00","dateModified":"2021-03-24T12:46:50+00:00","breadcrumb":{"@id":"https:\/\/www.fdlsagesse.org\/en\/about-the-daughters-of-wisdom\/nos-entites\/rdc-r-c-du-congo\/#breadcrumb"},"inLanguage":"en-US","potentialAction":[{"@type":"ReadAction","target":["https:\/\/www.fdlsagesse.org\/en\/about-the-daughters-of-wisdom\/nos-entites\/rdc-r-c-du-congo\/"]}]},{"@type":"BreadcrumbList","@id":"https:\/\/www.fdlsagesse.org\/en\/about-the-daughters-of-wisdom\/nos-entites\/rdc-r-c-du-congo\/#breadcrumb","itemListElement":[{"@type":"ListItem","position":1,"name":"Accueil","item":"https:\/\/www.fdlsagesse.org\/en\/"},{"@type":"ListItem","position":2,"name":"About the Daughters of Wisdom","item":"https:\/\/www.fdlsagesse.org\/en\/about-the-daughters-of-wisdom\/"},{"@type":"ListItem","position":3,"name":"Our Entities","item":"https:\/\/www.fdlsagesse.org\/en\/about-the-daughters-of-wisdom\/nos-entites\/"},{"@type":"ListItem","position":4,"name":"Delegation RDC &#8211; R.D of Congo"}]},{"@type":"WebSite","@id":"https:\/\/www.fdlsagesse.org\/#website","url":"https:\/\/www.fdlsagesse.org\/","name":"Congr\u00e9gation des Filles de la Sagesse","description":"Un site utilisant WordPress","potentialAction":[{"@type":"SearchAction","target":{"@type":"EntryPoint","urlTemplate":"https:\/\/www.fdlsagesse.org\/?s={search_term_string}"},"query-input":{"@type":"PropertyValueSpecification","valueRequired":true,"valueName":"search_term_string"}}],"inLanguage":"en-US"}]}},"_links":{"self":[{"href":"https:\/\/www.fdlsagesse.org\/en\/wp-json\/wp\/v2\/pages\/1239","targetHints":{"allow":["GET"]}}],"collection":[{"href":"https:\/\/www.fdlsagesse.org\/en\/wp-json\/wp\/v2\/pages"}],"about":[{"href":"https:\/\/www.fdlsagesse.org\/en\/wp-json\/wp\/v2\/types\/page"}],"author":[{"embeddable":true,"href":"https:\/\/www.fdlsagesse.org\/en\/wp-json\/wp\/v2\/users\/1"}],"replies":[{"embeddable":true,"href":"https:\/\/www.fdlsagesse.org\/en\/wp-json\/wp\/v2\/comments?post=1239"}],"version-history":[{"count":0,"href":"https:\/\/www.fdlsagesse.org\/en\/wp-json\/wp\/v2\/pages\/1239\/revisions"}],"up":[{"embeddable":true,"href":"https:\/\/www.fdlsagesse.org\/en\/wp-json\/wp\/v2\/pages\/1158"}],"wp:attachment":[{"href":"https:\/\/www.fdlsagesse.org\/en\/wp-json\/wp\/v2\/media?parent=1239"}],"curies":[{"name":"wp","href":"https:\/\/api.w.org\/{rel}","templated":true}]}}